{"id":76,"date":"2016-12-11T12:33:50","date_gmt":"2016-12-11T11:33:50","guid":{"rendered":"http:\/\/www.aufkleber-druck-profi.de\/?page_id=76"},"modified":"2017-05-16T14:36:00","modified_gmt":"2017-05-16T12:36:00","slug":"holz-oder-ganz-anders","status":"publish","type":"page","link":"http:\/\/www.buchstaben-profi.de\/?page_id=76","title":{"rendered":"Holz oder ganz anders"},"content":{"rendered":"<p>Wenn Buchstaben einmal ganz anders hergestellt werden sollen, k\u00f6nnen auch Holz, Stein, Gramit oder Styropor zum Einsatz kommen. Styropor-Buchstaben kommen h\u00e4ufig auf Messest\u00e4nden zum Einsatz, da sie federleicht und kosteng\u00fcnstig herzustellen sind. Mit einem hei\u00dfen Draht k\u00f6nnen, handwerkliches Geschick und das ben\u00f6tigte Schneideger\u00e4t vorausgesetzt, einzelne Buchstaben oder auch ganze Schriftzeichen, Firmenlogos und sonstige Signets aus einem Styroporblock herausgeschnitten werden. Im Anschluss k\u00f6nnen die Buchstaben bzw. Signets farbig lackiert werden, was h\u00e4ufig mit einem Farbspr\u00fchsystem erfolgt.<\/p>\n<p>TODO: Bilder<\/p>\n<p>Holz findet oftmals Anwendung f\u00fcr den Innenbereich, zum Beispiel wenn der Firmenname aus Buchstaben innerhalb des Unternehmensgeb\u00e4udes dargestellt wird. Eine ganz andere Anwendung sind Buchstaben aus Holz. Diese Holzbuchstaben k\u00f6nnen\u00a0ebenfalls Schriftzeichen, Firmenlogos oder sonstige Signets sein. Bei entsprechender Wetterschutz-Behandlung sind diese Buchstaben\/<br \/>\nSignets auch f\u00fcr den outdoor-Bereich geeignet.<\/p>\n<p>Ein weiterer Einsatzbereich sind Holzbuchstaben oder Signets im Bereich der Dekorationen in Privathaushalten. Hier sind im Handel die unterschiedlichsten Einzelbuchstaben vorhanden, die sich zu Worten zusammensetzen lassen. Beispiele wie HOME, WELCOME, BAD oder LOVE werden Ihnen sicher gel\u00e4ufig sein. Oder es werden Vornamen aus den einzelnen Buchstaben zusammengesetzt und in Kinderzimmern aufgestellt.<\/p>\n<p>Im Au\u00dfenbereich lassen sich auch individuelle Buchstaben aus Stein oder Granit herstellen. Diese kommen dann h\u00e4ufig an den Fassaden von Firmenzentralen vor oder werden dort im Eingangsbereich aufgestellt. Auch hier gilt nat\u00fcrlich, dass neben EInzelbuchstaben auch komplette Schriftz\u00fcge, Firmenlogos und sonstige Signets herstellbar sind. Die gro\u00dfen Vorz\u00fcge liegen in der langen Haltbarkeit und der geringen Pflege, die aufgrund des Materials vorhanden sind.<\/p>\n","protected":false},"excerpt":{"rendered":"<p>Wenn Buchstaben einmal ganz anders hergestellt werden sollen, k\u00f6nnen auch Holz, Stein, Gramit oder Styropor zum Einsatz kommen. Styropor-Buchstaben kommen<\/p>\n","protected":false},"author":1,"featured_media":0,"parent":0,"menu_order":0,"comment_status":"closed","ping_status":"closed","template":"","meta":{"footnotes":""},"_links":{"self":[{"href":"http:\/\/www.buchstaben-profi.de\/index.php?rest_route=\/wp\/v2\/pages\/76"}],"collection":[{"href":"http:\/\/www.buchstaben-profi.de\/index.php?rest_route=\/wp\/v2\/pages"}],"about":[{"href":"http:\/\/www.buchstaben-profi.de\/index.php?rest_route=\/wp\/v2\/types\/page"}],"author":[{"embeddable":true,"href":"http:\/\/www.buchstaben-profi.de\/index.php?rest_route=\/wp\/v2\/users\/1"}],"replies":[{"embeddable":true,"href":"http:\/\/www.buchstaben-profi.de\/index.php?rest_route=%2Fwp%2Fv2%2Fcomments&post=76"}],"version-history":[{"count":11,"href":"http:\/\/www.buchstaben-profi.de\/index.php?rest_route=\/wp\/v2\/pages\/76\/revisions"}],"predecessor-version":[{"id":389,"href":"http:\/\/www.buchstaben-profi.de\/index.php?rest_route=\/wp\/v2\/pages\/76\/revisions\/389"}],"wp:attachment":[{"href":"http:\/\/www.buchstaben-profi.de\/index.php?rest_route=%2Fwp%2Fv2%2Fmedia&parent=76"}],"curies":[{"name":"wp","href":"https:\/\/api.w.org\/{rel}","templated":true}]}}