{"id":74,"date":"2016-12-11T12:33:36","date_gmt":"2016-12-11T11:33:36","guid":{"rendered":"http:\/\/www.aufkleber-druck-profi.de\/?page_id=74"},"modified":"2017-05-18T14:52:26","modified_gmt":"2017-05-18T12:52:26","slug":"serifenlose-schriften","status":"publish","type":"page","link":"http:\/\/www.buchstaben-profi.de\/?page_id=74","title":{"rendered":"Serifenlose Schriften"},"content":{"rendered":"<p>Als serifenlose Schriften (auch Grotesk-Schriften genannt) werden die Schriftarten bezeichnet, die ohne eine feine Linie am Buchstabenstrich, quer zu seiner Grundrichtung, auskommen. Die wohl bekannteste serifenlose Schrift ist die Helvetica. Zur Gattung der serifenlosen Schriften z\u00e4hlen u. a. die Arial, Avant Garde, Futura oder Franklin Gothic. In den letzten 20 Jahren haben sich diese geradlinigen Schriften immer mehr durchgesetzt. Gro\u00dfe, international t\u00e4tige Firmen haben sich eigene Schriftarten entwerfen lassen, die diese Modernit\u00e4t aufgenommen haben. Bekannte Beispiele hierf\u00fcr sind zum Beispiel Nivea und Volkswagen. Hier gelingt es den meisten Betrachtern schon beim Anblick einzelner Buchstaben auf den richtigen Firmennamen zu schlie\u00dfen. In den Anf\u00e4ngen der Schriftherstellung kamen fast ausnahmslos Schriften mit Serifen zum Einsatz. Anfangs in Stein gemei\u00dfelt und mit Serifen versch\u00f6nert, sp\u00e4ter auch im Schriftsatz in Zeitungen und Zeitschriften. Die serifenlosen Schriften wurden vermehrt Anfang des 19. Jahrhunderts entwickelt. Seit Beginn des 20. Jahrhunderts haben sie sich endg\u00fcltig einen festen Platz in der Typografie erarbeitet.<\/p>\n<p><img loading=\"lazy\" decoding=\"async\" class=\"alignnone wp-image-409\" src=\"http:\/\/www.buchstaben-profi.de\/wp-content\/uploads\/2016\/12\/Serifen-300x225.png\" alt=\"Serifen\" width=\"250\" height=\"225\" \/><img loading=\"lazy\" decoding=\"async\" class=\"alignnone wp-image-410\" src=\"http:\/\/www.buchstaben-profi.de\/wp-content\/uploads\/2016\/12\/Aa-300x225.png\" alt=\"Aa\" width=\"250\" height=\"225\" \/><img loading=\"lazy\" decoding=\"async\" class=\"alignnone wp-image-408\" src=\"http:\/\/www.buchstaben-profi.de\/wp-content\/uploads\/2016\/12\/Schriften-300x225.png\" alt=\"Schriften\" width=\"250\" height=\"225\" \/><\/p>\n","protected":false},"excerpt":{"rendered":"<p>Als serifenlose Schriften (auch Grotesk-Schriften genannt) werden die Schriftarten bezeichnet, die ohne eine feine Linie am Buchstabenstrich, quer zu seiner<\/p>\n","protected":false},"author":1,"featured_media":0,"parent":0,"menu_order":0,"comment_status":"closed","ping_status":"closed","template":"","meta":{"footnotes":""},"_links":{"self":[{"href":"http:\/\/www.buchstaben-profi.de\/index.php?rest_route=\/wp\/v2\/pages\/74"}],"collection":[{"href":"http:\/\/www.buchstaben-profi.de\/index.php?rest_route=\/wp\/v2\/pages"}],"about":[{"href":"http:\/\/www.buchstaben-profi.de\/index.php?rest_route=\/wp\/v2\/types\/page"}],"author":[{"embeddable":true,"href":"http:\/\/www.buchstaben-profi.de\/index.php?rest_route=\/wp\/v2\/users\/1"}],"replies":[{"embeddable":true,"href":"http:\/\/www.buchstaben-profi.de\/index.php?rest_route=%2Fwp%2Fv2%2Fcomments&post=74"}],"version-history":[{"count":17,"href":"http:\/\/www.buchstaben-profi.de\/index.php?rest_route=\/wp\/v2\/pages\/74\/revisions"}],"predecessor-version":[{"id":412,"href":"http:\/\/www.buchstaben-profi.de\/index.php?rest_route=\/wp\/v2\/pages\/74\/revisions\/412"}],"wp:attachment":[{"href":"http:\/\/www.buchstaben-profi.de\/index.php?rest_route=%2Fwp%2Fv2%2Fmedia&parent=74"}],"curies":[{"name":"wp","href":"https:\/\/api.w.org\/{rel}","templated":true}]}}