{"id":68,"date":"2016-12-11T12:32:27","date_gmt":"2016-12-11T11:32:27","guid":{"rendered":"http:\/\/www.aufkleber-druck-profi.de\/?page_id=68"},"modified":"2017-05-18T15:19:43","modified_gmt":"2017-05-18T13:19:43","slug":"schriften-mit-serifen","status":"publish","type":"page","link":"http:\/\/www.buchstaben-profi.de\/?page_id=68","title":{"rendered":"Schriften mit Serifen"},"content":{"rendered":"<p>Als Schriften mit Serifen werden die Schriftarten bezeichnet, die eine feine Linie am Buchstabenstrich, quer zu seiner Grundrichtung, haben. Eine der bekanntesten Schriften ist die Times. Zur Gattung der Schriften mit Serifen z\u00e4hlen neben der Times auch die u. a. die Baskerville, Cooper, Garamond, Palatino und Windsor.<\/p>\n<p>Urspr\u00fcnglich wurde diese Schriften in Stein gemei\u00dfelt. Sp\u00e4ter, als der Buchdruck durch Johannes Gutenberg erfunden und in das t\u00e4gliche Leben eingef\u00fchrt wurde, kamen fast ausnahmslos Schriften mit Serifen zum Einsatz. Die Serifen waren nicht nur ein dekoratives Element, sondern dienen auch zur besseren Lesbarkeit und Abgrenzung gegen\u00fcber anderen Buchstaben. Mit dem Aufkommen der Industrialisierung Anfang des 19. Jahrhunderts kamen f\u00fcr Reklame und Plakate serifenbetonte Schriften wie die Egyptienne oder die serifenbetonte Linear-Antiqua vermehrt zum Einsatz.<\/p>\n<p><img loading=\"lazy\" decoding=\"async\" class=\"size-medium wp-image-413 alignleft\" src=\"http:\/\/www.buchstaben-profi.de\/wp-content\/uploads\/2016\/12\/Schriften2-300x225.png\" alt=\"Schriften2\" width=\"300\" height=\"225\" srcset=\"http:\/\/www.buchstaben-profi.de\/wp-content\/uploads\/2016\/12\/Schriften2-300x225.png 300w, http:\/\/www.buchstaben-profi.de\/wp-content\/uploads\/2016\/12\/Schriften2.png 591w\" sizes=\"(max-width: 300px) 100vw, 300px\" \/> <img loading=\"lazy\" decoding=\"async\" class=\"size-medium wp-image-414 alignleft\" src=\"http:\/\/www.buchstaben-profi.de\/wp-content\/uploads\/2016\/12\/Alphabet-300x225.png\" alt=\"Alphabet\" width=\"300\" height=\"225\" srcset=\"http:\/\/www.buchstaben-profi.de\/wp-content\/uploads\/2016\/12\/Alphabet-300x225.png 300w, http:\/\/www.buchstaben-profi.de\/wp-content\/uploads\/2016\/12\/Alphabet.png 591w\" sizes=\"(max-width: 300px) 100vw, 300px\" \/><\/p>\n","protected":false},"excerpt":{"rendered":"<p>Als Schriften mit Serifen werden die Schriftarten bezeichnet, die eine feine Linie am Buchstabenstrich, quer zu seiner Grundrichtung, haben. Eine<\/p>\n","protected":false},"author":1,"featured_media":0,"parent":0,"menu_order":0,"comment_status":"closed","ping_status":"closed","template":"","meta":{"footnotes":""},"_links":{"self":[{"href":"http:\/\/www.buchstaben-profi.de\/index.php?rest_route=\/wp\/v2\/pages\/68"}],"collection":[{"href":"http:\/\/www.buchstaben-profi.de\/index.php?rest_route=\/wp\/v2\/pages"}],"about":[{"href":"http:\/\/www.buchstaben-profi.de\/index.php?rest_route=\/wp\/v2\/types\/page"}],"author":[{"embeddable":true,"href":"http:\/\/www.buchstaben-profi.de\/index.php?rest_route=\/wp\/v2\/users\/1"}],"replies":[{"embeddable":true,"href":"http:\/\/www.buchstaben-profi.de\/index.php?rest_route=%2Fwp%2Fv2%2Fcomments&post=68"}],"version-history":[{"count":8,"href":"http:\/\/www.buchstaben-profi.de\/index.php?rest_route=\/wp\/v2\/pages\/68\/revisions"}],"predecessor-version":[{"id":416,"href":"http:\/\/www.buchstaben-profi.de\/index.php?rest_route=\/wp\/v2\/pages\/68\/revisions\/416"}],"wp:attachment":[{"href":"http:\/\/www.buchstaben-profi.de\/index.php?rest_route=%2Fwp%2Fv2%2Fmedia&parent=68"}],"curies":[{"name":"wp","href":"https:\/\/api.w.org\/{rel}","templated":true}]}}