{"id":66,"date":"2016-12-11T12:32:10","date_gmt":"2016-12-11T11:32:10","guid":{"rendered":"http:\/\/www.aufkleber-druck-profi.de\/?page_id=66"},"modified":"2017-05-16T14:30:56","modified_gmt":"2017-05-16T12:30:56","slug":"kleines-und-grosses","status":"publish","type":"page","link":"http:\/\/www.buchstaben-profi.de\/?page_id=66","title":{"rendered":"Kleines und Gro\u00dfes"},"content":{"rendered":"<p>Durch die heutige Technik stellt das Format keine gro\u00dfe Herausforderung mehr in der Produktion dar. Auch kleinste Buchstaben sind ebenso problemlos herzustellen wie gro\u00dfe. Nach oben hin gibt es kaum Gr\u00f6\u00dfenbegrenzungen. Sollen Buchstaben in der Gr\u00f6\u00dfe von 3 m H\u00f6he an einem Hochhaus erforderlich sein, damit diese auch aus gro\u00dfer Entfernung erkennbar sind, k\u00f6nnen diese hergestellt werden. Je nach Blechgr\u00f6\u00dfe der Tr\u00e4gerelemente oder Gr\u00f6\u00dfe der Fertigungsmaschine k\u00f6nnen auch mehrere Teile zusammengef\u00fcgt werden. Das Zusammenf\u00fcgen mehrerer Teile kann, je nach Material, durch Verklebung oder Verschwei\u00dfen erfolgen.<\/p>\n","protected":false},"excerpt":{"rendered":"<p>Durch die heutige Technik stellt das Format keine gro\u00dfe Herausforderung mehr in der Produktion dar. Auch kleinste Buchstaben sind ebenso<\/p>\n","protected":false},"author":1,"featured_media":0,"parent":0,"menu_order":0,"comment_status":"closed","ping_status":"closed","template":"","meta":{"footnotes":""},"_links":{"self":[{"href":"http:\/\/www.buchstaben-profi.de\/index.php?rest_route=\/wp\/v2\/pages\/66"}],"collection":[{"href":"http:\/\/www.buchstaben-profi.de\/index.php?rest_route=\/wp\/v2\/pages"}],"about":[{"href":"http:\/\/www.buchstaben-profi.de\/index.php?rest_route=\/wp\/v2\/types\/page"}],"author":[{"embeddable":true,"href":"http:\/\/www.buchstaben-profi.de\/index.php?rest_route=\/wp\/v2\/users\/1"}],"replies":[{"embeddable":true,"href":"http:\/\/www.buchstaben-profi.de\/index.php?rest_route=%2Fwp%2Fv2%2Fcomments&post=66"}],"version-history":[{"count":8,"href":"http:\/\/www.buchstaben-profi.de\/index.php?rest_route=\/wp\/v2\/pages\/66\/revisions"}],"predecessor-version":[{"id":383,"href":"http:\/\/www.buchstaben-profi.de\/index.php?rest_route=\/wp\/v2\/pages\/66\/revisions\/383"}],"wp:attachment":[{"href":"http:\/\/www.buchstaben-profi.de\/index.php?rest_route=%2Fwp%2Fv2%2Fmedia&parent=66"}],"curies":[{"name":"wp","href":"https:\/\/api.w.org\/{rel}","templated":true}]}}