{"id":181,"date":"2016-12-16T16:19:37","date_gmt":"2016-12-16T15:19:37","guid":{"rendered":"http:\/\/www.aufkleber-druck-profi.de\/?page_id=181"},"modified":"2017-05-16T15:09:19","modified_gmt":"2017-05-16T13:09:19","slug":"tipps-rund-um-die-schrift","status":"publish","type":"page","link":"http:\/\/www.buchstaben-profi.de\/?page_id=181","title":{"rendered":"Tipps rund um die Schrift"},"content":{"rendered":"<p>Was die Umsetzung der Schriften angeht, so ist der Einsatz von ein bis maximal zwei unterschiedlichen Schriften zu empfehlen. Dabei spielt es keine Rolle, ob es um eine Geburtstags- oder Hochzeitseinladung, eine Firmenanzeige oder ein Verkaufsplakat geht. Suchen Sie sich eine Schriftfamilie heraus, zum Beispiel die Times als Headline-Schrift und die Helvetica als Copyschrift (Mengenschrift). Innerhalb dieser Schriftfamilien haben Sie die Schriftschnitte light, regular, bold und kursiv zur Verf\u00fcgung. Werden mehr Schriften eingesetzt, sinkt die Erkennbarkeit beim Betrachter deutlich ab. Gleiches gilt f\u00fcr unterschiedliche Schriftgr\u00f6\u00dfen und -farben. Konzentrieren Sie sich auf die gute Lesbarkeit der Schriften bzw. des Textes und legen Sie lieber ein gr\u00f6\u00dferes Augenmerk auf Bilder, die den Text unterstreichen. Hier gilt eindeutig: weniger ist mehr!<\/p>\n<p>Ein paar Tipps zu den Schriftgr\u00f6\u00dfen im Copytext (Mengensatz) bei Brosch\u00fcren, Foldern, Flyern etc.: Unterschreiten Sie nicht die Schriftgr\u00f6\u00dfe von 10 Punkt und werden Sie nicht gr\u00f6\u00dfer als 13 Punkt. Headlines d\u00fcrfen nat\u00fcrlich gr\u00f6\u00dfer werden und auch gern \u00fcber die volle Breite der Seite reichen. Bei Headlines lassen sich keine Mindestgr\u00f6\u00dfen f\u00fcr die Schriften angeben, da diese von der gr\u00f6\u00dfe der jeweiligen Medien abh\u00e4ngig ist. Auf einer A3-Seite l\u00e4sste sich eine andere Schriftgr\u00f6\u00dfe anwenden als auf einem Gro\u00dfplakat. Bei Zeitungsanzeigen, Visitenkarten und Briefb\u00f6gen sollte keinesfalls die Gr\u00f6\u00dfe von 7 Punkt unterschritten werden.<\/p>\n<p>Digitale Schreibschriften sollten nur sparsam eingesetzt werden, da diese \u201efalschen Schreibschriften\u201c, insbesondere bei gr\u00f6\u00dferen Textmengen, schnell unnat\u00fcrlich wirken. Sparsam und punktuell eingesetzt, eignen sie sich hingegen bestens. Je aufger\u00e4umter der Gesamteindruck eines Layouts ist, desto kompetenter wirkt die Botschaft und desto schneller wird sie vom Betrachter erkannt. R\u00e4umen Sie also ruhig ein Layout auf und strukturieren Sie es klar. Lieber wenige gro\u00dfe Bildmotive einsetzen und ebenso wenig Text. Daf\u00fcr klare, gut erkennbar Schriften einsetzen. Der Betrachter wird es danken!<\/p>\n","protected":false},"excerpt":{"rendered":"<p>Was die Umsetzung der Schriften angeht, so ist der Einsatz von ein bis maximal zwei unterschiedlichen Schriften zu empfehlen. Dabei<\/p>\n","protected":false},"author":1,"featured_media":0,"parent":0,"menu_order":0,"comment_status":"closed","ping_status":"closed","template":"","meta":{"footnotes":""},"_links":{"self":[{"href":"http:\/\/www.buchstaben-profi.de\/index.php?rest_route=\/wp\/v2\/pages\/181"}],"collection":[{"href":"http:\/\/www.buchstaben-profi.de\/index.php?rest_route=\/wp\/v2\/pages"}],"about":[{"href":"http:\/\/www.buchstaben-profi.de\/index.php?rest_route=\/wp\/v2\/types\/page"}],"author":[{"embeddable":true,"href":"http:\/\/www.buchstaben-profi.de\/index.php?rest_route=\/wp\/v2\/users\/1"}],"replies":[{"embeddable":true,"href":"http:\/\/www.buchstaben-profi.de\/index.php?rest_route=%2Fwp%2Fv2%2Fcomments&post=181"}],"version-history":[{"count":11,"href":"http:\/\/www.buchstaben-profi.de\/index.php?rest_route=\/wp\/v2\/pages\/181\/revisions"}],"predecessor-version":[{"id":404,"href":"http:\/\/www.buchstaben-profi.de\/index.php?rest_route=\/wp\/v2\/pages\/181\/revisions\/404"}],"wp:attachment":[{"href":"http:\/\/www.buchstaben-profi.de\/index.php?rest_route=%2Fwp%2Fv2%2Fmedia&parent=181"}],"curies":[{"name":"wp","href":"https:\/\/api.w.org\/{rel}","templated":true}]}}