{"id":175,"date":"2016-12-16T16:18:53","date_gmt":"2016-12-16T15:18:53","guid":{"rendered":"http:\/\/www.aufkleber-druck-profi.de\/?page_id=175"},"modified":"2017-09-12T13:54:03","modified_gmt":"2017-09-12T11:54:03","slug":"beleuchtete-buchstaben","status":"publish","type":"page","link":"http:\/\/www.buchstaben-profi.de\/?page_id=175","title":{"rendered":"Beleuchtete Buchstaben"},"content":{"rendered":"<p>Buchstaben k\u00f6nnen grunds\u00e4tzlich alle beleuchtet werden. Bei einer Beschriftung mit Buchstaben an einem Schaufenster oder Geb\u00e4ude, ist immer eine indirekte Beleuchtung durch Anstrahlen per Leuchten m\u00f6glich. Wenn die Buchstaben eine gewisse Tiefe aufweisen, kann innerhalb der Konstruktion die Technik f\u00fcr die direkte Beleuchtung untergebracht sein. Das k\u00f6nnen LED-Lampen oder Leuchtstoffr\u00f6hren mitsamt Verkabelung und Trafo sein. Entweder werden die Schriftz\u00fcge als Einzelbuchstaben hergestellt und montiert, oder sie werden auf einem gemeinsamen Tr\u00e4ger montiert. Standardschriften und auch individuelle Schriften k\u00f6nnen in den unterschiedlichsten Gr\u00f6\u00dfen hergestellt werden. Gleiches gilt f\u00fcr die Farbgebung. Auch Sonderfarben k\u00f6nnen je nach Kundenwunsch realisiert werden.<\/p>\n<p>Eine Besonderheit ist die Neonwerbung. Den Ursprung hat diese Werbeform den hell leuchtenden, grellen Neonfarben zu verdanken, da bei der Neonwerbung Hochspannungs-Leuchtr\u00f6hren zum Einsatz kommen. Diese lassen sich ganz nach Kundenwunsch frei formen. Das kann ein Wort, ein Firmenname oder zum Beispiel auch ein Hirschgeweih (J\u00e4germeister) sein. Es lassen sich komplette Schriftz\u00fcge und auch Firmenlogos mit diesem Leuchtr\u00f6hren herstellen. Egal ob geschwungene Linien, Buchstaben (auch in Schreibschrift), Zahlen, Zeichen oder Logos \u2013 mit Neonwerbung lassen sich fast alle W\u00fcnsche umsetzen. Und ganz nach Belieben kann jede einzelne Leuchtr\u00f6hre in einer anderen Farbe leuchten.<\/p>\n","protected":false},"excerpt":{"rendered":"<p>Buchstaben k\u00f6nnen grunds\u00e4tzlich alle beleuchtet werden. Bei einer Beschriftung mit Buchstaben an einem Schaufenster oder Geb\u00e4ude, ist immer eine indirekte<\/p>\n","protected":false},"author":1,"featured_media":0,"parent":0,"menu_order":0,"comment_status":"closed","ping_status":"closed","template":"","meta":{"footnotes":""},"_links":{"self":[{"href":"http:\/\/www.buchstaben-profi.de\/index.php?rest_route=\/wp\/v2\/pages\/175"}],"collection":[{"href":"http:\/\/www.buchstaben-profi.de\/index.php?rest_route=\/wp\/v2\/pages"}],"about":[{"href":"http:\/\/www.buchstaben-profi.de\/index.php?rest_route=\/wp\/v2\/types\/page"}],"author":[{"embeddable":true,"href":"http:\/\/www.buchstaben-profi.de\/index.php?rest_route=\/wp\/v2\/users\/1"}],"replies":[{"embeddable":true,"href":"http:\/\/www.buchstaben-profi.de\/index.php?rest_route=%2Fwp%2Fv2%2Fcomments&post=175"}],"version-history":[{"count":14,"href":"http:\/\/www.buchstaben-profi.de\/index.php?rest_route=\/wp\/v2\/pages\/175\/revisions"}],"predecessor-version":[{"id":428,"href":"http:\/\/www.buchstaben-profi.de\/index.php?rest_route=\/wp\/v2\/pages\/175\/revisions\/428"}],"wp:attachment":[{"href":"http:\/\/www.buchstaben-profi.de\/index.php?rest_route=%2Fwp%2Fv2%2Fmedia&parent=175"}],"curies":[{"name":"wp","href":"https:\/\/api.w.org\/{rel}","templated":true}]}}