{"id":169,"date":"2016-12-16T16:18:11","date_gmt":"2016-12-16T15:18:11","guid":{"rendered":"http:\/\/www.aufkleber-druck-profi.de\/?page_id=169"},"modified":"2017-05-16T14:34:10","modified_gmt":"2017-05-16T12:34:10","slug":"kunststoff-alu-co","status":"publish","type":"page","link":"http:\/\/www.buchstaben-profi.de\/?page_id=169","title":{"rendered":"Kunststoff, Alu &#038; Co."},"content":{"rendered":"<p>Neben Papier und Folie kommen nat\u00fcrlich insbesondere f\u00fcr den Au\u00dfenbereich Kunststoff, Aluminium und Stahlblech zum Einsatz. Diese Materialien sind besonders stabil und witterungsbest\u00e4ndig, trotzdem lassen sie sich individuell, auf Kundenwunsch, in Form bringen. Jede noch so individuelle Form l\u00e4sst sich herstellen. Kunststoff besticht durch ein geringe Eigengewicht, einen g\u00fcnstigen Materialpreis und ein preiswertes Herstellungsverfahren. Bei Aluminium ist der Materialpreis h\u00f6her als beim Kunststoff, daf\u00fcr punktet es durch die Haltbarkeit und Verwindungssteifheit. Stahlbleche sind nochmals stabiler. Allen Materialien gemein ist, dass sie sich individuell in jeder Farbe lackieren lassen. Somit passen sie sich den Kundenw\u00fcnschen in Bezug auf die Corporate Identity hundertprozentig an.<\/p>\n<p>TODO: Bilder<\/p>\n","protected":false},"excerpt":{"rendered":"<p>Neben Papier und Folie kommen nat\u00fcrlich insbesondere f\u00fcr den Au\u00dfenbereich Kunststoff, Aluminium und Stahlblech zum Einsatz. Diese Materialien sind besonders<\/p>\n","protected":false},"author":1,"featured_media":0,"parent":0,"menu_order":0,"comment_status":"closed","ping_status":"closed","template":"","meta":{"footnotes":""},"_links":{"self":[{"href":"http:\/\/www.buchstaben-profi.de\/index.php?rest_route=\/wp\/v2\/pages\/169"}],"collection":[{"href":"http:\/\/www.buchstaben-profi.de\/index.php?rest_route=\/wp\/v2\/pages"}],"about":[{"href":"http:\/\/www.buchstaben-profi.de\/index.php?rest_route=\/wp\/v2\/types\/page"}],"author":[{"embeddable":true,"href":"http:\/\/www.buchstaben-profi.de\/index.php?rest_route=\/wp\/v2\/users\/1"}],"replies":[{"embeddable":true,"href":"http:\/\/www.buchstaben-profi.de\/index.php?rest_route=%2Fwp%2Fv2%2Fcomments&post=169"}],"version-history":[{"count":10,"href":"http:\/\/www.buchstaben-profi.de\/index.php?rest_route=\/wp\/v2\/pages\/169\/revisions"}],"predecessor-version":[{"id":386,"href":"http:\/\/www.buchstaben-profi.de\/index.php?rest_route=\/wp\/v2\/pages\/169\/revisions\/386"}],"wp:attachment":[{"href":"http:\/\/www.buchstaben-profi.de\/index.php?rest_route=%2Fwp%2Fv2%2Fmedia&parent=169"}],"curies":[{"name":"wp","href":"https:\/\/api.w.org\/{rel}","templated":true}]}}